{"id":32,"date":"2024-09-12T17:54:40","date_gmt":"2024-09-12T15:54:40","guid":{"rendered":"https:\/\/kabane-kompagnie.fr\/?page_id=32"},"modified":"2025-06-19T19:01:03","modified_gmt":"2025-06-19T17:01:03","slug":"spectacles-pirates-medievale-western","status":"publish","type":"page","link":"https:\/\/kabane-kompagnie.fr\/?page_id=32","title":{"rendered":"Spectacles"},"content":{"rendered":"\t\t<div data-elementor-type=\"wp-page\" data-elementor-id=\"32\" class=\"elementor elementor-32\">\n\t\t\t\t<div class=\"elementor-element elementor-element-6652e87 e-flex e-con-boxed e-con e-parent\" data-id=\"6652e87\" data-element_type=\"container\" data-settings=\"{&quot;content_width&quot;:&quot;boxed&quot;}\" data-core-v316-plus=\"true\">\n\t\t\t\t\t<div class=\"e-con-inner\">\n\t\t\t\t\t<\/div>\n\t\t\t\t<\/div>\n\t\t<div class=\"elementor-element elementor-element-cd53fa3 e-flex e-con-boxed e-con e-parent\" data-id=\"cd53fa3\" data-element_type=\"container\" data-settings=\"{&quot;content_width&quot;:&quot;boxed&quot;}\" data-core-v316-plus=\"true\">\n\t\t\t\t\t<div class=\"e-con-inner\">\n\t\t<div class=\"elementor-element elementor-element-103edee e-con-full e-flex e-con e-child\" data-id=\"103edee\" data-element_type=\"container\" data-settings=\"{&quot;content_width&quot;:&quot;full&quot;}\">\n\t\t\t\t<div class=\"elementor-element elementor-element-125c4bf e-transform e-transform elementor-widget elementor-widget-image\" data-id=\"125c4bf\" data-element_type=\"widget\" data-settings=\"{&quot;_transform_translateY_effect&quot;:{&quot;unit&quot;:&quot;px&quot;,&quot;size&quot;:48,&quot;sizes&quot;:[]},&quot;_transform_scale_effect&quot;:{&quot;unit&quot;:&quot;px&quot;,&quot;size&quot;:1.04,&quot;sizes&quot;:[]},&quot;_transform_translateX_effect&quot;:{&quot;unit&quot;:&quot;px&quot;,&quot;size&quot;:&quot;&quot;,&quot;sizes&quot;:[]},&quot;_transform_translateX_effect_tablet&quot;:{&quot;unit&quot;:&quot;px&quot;,&quot;size&quot;:&quot;&quot;,&quot;sizes&quot;:[]},&quot;_transform_translateX_effect_mobile&quot;:{&quot;unit&quot;:&quot;px&quot;,&quot;size&quot;:&quot;&quot;,&quot;sizes&quot;:[]},&quot;_transform_translateY_effect_tablet&quot;:{&quot;unit&quot;:&quot;px&quot;,&quot;size&quot;:&quot;&quot;,&quot;sizes&quot;:[]},&quot;_transform_translateY_effect_mobile&quot;:{&quot;unit&quot;:&quot;px&quot;,&quot;size&quot;:&quot;&quot;,&quot;sizes&quot;:[]},&quot;_transform_scale_effect_tablet&quot;:{&quot;unit&quot;:&quot;px&quot;,&quot;size&quot;:&quot;&quot;,&quot;sizes&quot;:[]},&quot;_transform_scale_effect_mobile&quot;:{&quot;unit&quot;:&quot;px&quot;,&quot;size&quot;:&quot;&quot;,&quot;sizes&quot;:[]}}\" data-widget_type=\"image.default\">\n\t\t\t\t<div class=\"elementor-widget-container\">\n\t\t\t<style>\/*! elementor - v3.19.0 - 07-02-2024 *\/\n.elementor-widget-image{text-align:center}.elementor-widget-image a{display:inline-block}.elementor-widget-image a img[src$=\".svg\"]{width:48px}.elementor-widget-image img{vertical-align:middle;display:inline-block}<\/style>\t\t\t\t\t\t\t\t\t\t\t<a href=\"https:\/\/kabane-kompagnie.fr\/?page_id=646\">\n\t\t\t\t\t\t\t<img fetchpriority=\"high\" decoding=\"async\" width=\"682\" height=\"1024\" src=\"https:\/\/kabane-kompagnie.fr\/wp-content\/uploads\/2025\/06\/1000020078-682x1024.jpg\" class=\"attachment-large size-large wp-image-674\" alt=\"\" srcset=\"https:\/\/kabane-kompagnie.fr\/wp-content\/uploads\/2025\/06\/1000020078-682x1024.jpg 682w, https:\/\/kabane-kompagnie.fr\/wp-content\/uploads\/2025\/06\/1000020078-200x300.jpg 200w, https:\/\/kabane-kompagnie.fr\/wp-content\/uploads\/2025\/06\/1000020078-768x1152.jpg 768w, https:\/\/kabane-kompagnie.fr\/wp-content\/uploads\/2025\/06\/1000020078-1024x1536.jpg 1024w, https:\/\/kabane-kompagnie.fr\/wp-content\/uploads\/2025\/06\/1000020078.jpg 1333w\" sizes=\"(max-width: 682px) 100vw, 682px\" \/>\t\t\t\t\t\t\t\t<\/a>\n\t\t\t\t\t\t\t\t\t\t\t\t\t<\/div>\n\t\t\t\t<\/div>\n\t\t\t\t<div class=\"elementor-element elementor-element-2b42540 e-transform elementor-widget elementor-widget-image\" data-id=\"2b42540\" data-element_type=\"widget\" data-settings=\"{&quot;_transform_translateY_effect&quot;:{&quot;unit&quot;:&quot;px&quot;,&quot;size&quot;:-116,&quot;sizes&quot;:[]},&quot;_transform_translateX_effect&quot;:{&quot;unit&quot;:&quot;px&quot;,&quot;size&quot;:&quot;&quot;,&quot;sizes&quot;:[]},&quot;_transform_translateX_effect_tablet&quot;:{&quot;unit&quot;:&quot;px&quot;,&quot;size&quot;:&quot;&quot;,&quot;sizes&quot;:[]},&quot;_transform_translateX_effect_mobile&quot;:{&quot;unit&quot;:&quot;px&quot;,&quot;size&quot;:&quot;&quot;,&quot;sizes&quot;:[]},&quot;_transform_translateY_effect_tablet&quot;:{&quot;unit&quot;:&quot;px&quot;,&quot;size&quot;:&quot;&quot;,&quot;sizes&quot;:[]},&quot;_transform_translateY_effect_mobile&quot;:{&quot;unit&quot;:&quot;px&quot;,&quot;size&quot;:&quot;&quot;,&quot;sizes&quot;:[]}}\" data-widget_type=\"image.default\">\n\t\t\t\t<div class=\"elementor-widget-container\">\n\t\t\t\t\t\t\t\t\t\t\t\t\t\t<a href=\"https:\/\/kabane-kompagnie.fr\/?page_id=646\">\n\t\t\t\t\t\t\t<img decoding=\"async\" width=\"1323\" height=\"315\" src=\"https:\/\/kabane-kompagnie.fr\/wp-content\/uploads\/2024\/09\/1726260010321-e1726260284924.png\" class=\"elementor-animation-grow attachment-2048x2048 size-2048x2048 wp-image-618\" alt=\"Kallisto kabane kompagnie bon duel libertalia medieval spectacle spectacle \u00e9questre comedie escrime chant musique danse pirate 19eme chevalier princesse cheval chevaux kabane kompagnie fight compagnie professionnelle th\u00e9atre \u00e9pique chevalerie tournois\" srcset=\"https:\/\/kabane-kompagnie.fr\/wp-content\/uploads\/2024\/09\/1726260010321-e1726260284924.png 1323w, https:\/\/kabane-kompagnie.fr\/wp-content\/uploads\/2024\/09\/1726260010321-e1726260284924-300x71.png 300w, https:\/\/kabane-kompagnie.fr\/wp-content\/uploads\/2024\/09\/1726260010321-e1726260284924-1024x244.png 1024w, https:\/\/kabane-kompagnie.fr\/wp-content\/uploads\/2024\/09\/1726260010321-e1726260284924-768x183.png 768w\" sizes=\"(max-width: 1323px) 100vw, 1323px\" \/>\t\t\t\t\t\t\t\t<\/a>\n\t\t\t\t\t\t\t\t\t\t\t\t\t<\/div>\n\t\t\t\t<\/div>\n\t\t\t\t<div class=\"elementor-element elementor-element-d6e4f01 elementor-widget elementor-widget-spacer\" data-id=\"d6e4f01\" data-element_type=\"widget\" data-widget_type=\"spacer.default\">\n\t\t\t\t<div class=\"elementor-widget-container\">\n\t\t\t<style>\/*! elementor - v3.19.0 - 07-02-2024 *\/\n.elementor-column .elementor-spacer-inner{height:var(--spacer-size)}.e-con{--container-widget-width:100%}.e-con-inner>.elementor-widget-spacer,.e-con>.elementor-widget-spacer{width:var(--container-widget-width,var(--spacer-size));--align-self:var(--container-widget-align-self,initial);--flex-shrink:0}.e-con-inner>.elementor-widget-spacer>.elementor-widget-container,.e-con>.elementor-widget-spacer>.elementor-widget-container{height:100%;width:100%}.e-con-inner>.elementor-widget-spacer>.elementor-widget-container>.elementor-spacer,.e-con>.elementor-widget-spacer>.elementor-widget-container>.elementor-spacer{height:100%}.e-con-inner>.elementor-widget-spacer>.elementor-widget-container>.elementor-spacer>.elementor-spacer-inner,.e-con>.elementor-widget-spacer>.elementor-widget-container>.elementor-spacer>.elementor-spacer-inner{height:var(--container-widget-height,var(--spacer-size))}.e-con-inner>.elementor-widget-spacer.elementor-widget-empty,.e-con>.elementor-widget-spacer.elementor-widget-empty{position:relative;min-height:22px;min-width:22px}.e-con-inner>.elementor-widget-spacer.elementor-widget-empty .elementor-widget-empty-icon,.e-con>.elementor-widget-spacer.elementor-widget-empty .elementor-widget-empty-icon{position:absolute;top:0;bottom:0;left:0;right:0;margin:auto;padding:0;width:22px;height:22px}<\/style>\t\t<div class=\"elementor-spacer\">\n\t\t\t<div class=\"elementor-spacer-inner\"><\/div>\n\t\t<\/div>\n\t\t\t\t<\/div>\n\t\t\t\t<\/div>\n\t\t\t\t<\/div>\n\t\t<div class=\"elementor-element elementor-element-59ffd50 e-con-full e-flex e-con e-child\" data-id=\"59ffd50\" data-element_type=\"container\" data-settings=\"{&quot;content_width&quot;:&quot;full&quot;}\">\n\t\t\t\t<div class=\"elementor-element elementor-element-429b11d e-transform elementor-widget elementor-widget-image\" data-id=\"429b11d\" data-element_type=\"widget\" data-settings=\"{&quot;_transform_scale_effect&quot;:{&quot;unit&quot;:&quot;px&quot;,&quot;size&quot;:1.01,&quot;sizes&quot;:[]},&quot;_transform_scale_effect_tablet&quot;:{&quot;unit&quot;:&quot;px&quot;,&quot;size&quot;:&quot;&quot;,&quot;sizes&quot;:[]},&quot;_transform_scale_effect_mobile&quot;:{&quot;unit&quot;:&quot;px&quot;,&quot;size&quot;:&quot;&quot;,&quot;sizes&quot;:[]}}\" data-widget_type=\"image.default\">\n\t\t\t\t<div class=\"elementor-widget-container\">\n\t\t\t\t\t\t\t\t\t\t\t\t\t\t<a href=\"https:\/\/kabane-kompagnie.fr\/?page_id=199\">\n\t\t\t\t\t\t\t<img decoding=\"async\" width=\"724\" height=\"1024\" src=\"https:\/\/kabane-kompagnie.fr\/wp-content\/uploads\/2024\/09\/1726261676106-724x1024.jpg\" class=\"attachment-large size-large wp-image-636\" alt=\"Kallisto kabane kompagnie bon duel libertalia medieval spectacle spectacle \u00e9questre comedie escrime chant musique danse pirate 19eme chevalier princesse cheval chevaux kabane kompagnie fight compagnie professionnelle th\u00e9atre \u00e9pique chevalerie tournois\" srcset=\"https:\/\/kabane-kompagnie.fr\/wp-content\/uploads\/2024\/09\/1726261676106-724x1024.jpg 724w, https:\/\/kabane-kompagnie.fr\/wp-content\/uploads\/2024\/09\/1726261676106-212x300.jpg 212w, https:\/\/kabane-kompagnie.fr\/wp-content\/uploads\/2024\/09\/1726261676106-768x1086.jpg 768w, https:\/\/kabane-kompagnie.fr\/wp-content\/uploads\/2024\/09\/1726261676106-1086x1536.jpg 1086w, https:\/\/kabane-kompagnie.fr\/wp-content\/uploads\/2024\/09\/1726261676106-1448x2048.jpg 1448w, https:\/\/kabane-kompagnie.fr\/wp-content\/uploads\/2024\/09\/1726261676106.jpg 1587w\" sizes=\"(max-width: 724px) 100vw, 724px\" \/>\t\t\t\t\t\t\t\t<\/a>\n\t\t\t\t\t\t\t\t\t\t\t\t\t<\/div>\n\t\t\t\t<\/div>\n\t\t\t\t<div class=\"elementor-element elementor-element-5f147c3 e-transform elementor-widget elementor-widget-image\" data-id=\"5f147c3\" data-element_type=\"widget\" data-settings=\"{&quot;_transform_translateY_effect&quot;:{&quot;unit&quot;:&quot;px&quot;,&quot;size&quot;:-158,&quot;sizes&quot;:[]},&quot;_transform_translateX_effect&quot;:{&quot;unit&quot;:&quot;px&quot;,&quot;size&quot;:&quot;&quot;,&quot;sizes&quot;:[]},&quot;_transform_translateX_effect_tablet&quot;:{&quot;unit&quot;:&quot;px&quot;,&quot;size&quot;:&quot;&quot;,&quot;sizes&quot;:[]},&quot;_transform_translateX_effect_mobile&quot;:{&quot;unit&quot;:&quot;px&quot;,&quot;size&quot;:&quot;&quot;,&quot;sizes&quot;:[]},&quot;_transform_translateY_effect_tablet&quot;:{&quot;unit&quot;:&quot;px&quot;,&quot;size&quot;:&quot;&quot;,&quot;sizes&quot;:[]},&quot;_transform_translateY_effect_mobile&quot;:{&quot;unit&quot;:&quot;px&quot;,&quot;size&quot;:&quot;&quot;,&quot;sizes&quot;:[]}}\" data-widget_type=\"image.default\">\n\t\t\t\t<div class=\"elementor-widget-container\">\n\t\t\t\t\t\t\t\t\t\t\t\t\t\t<a href=\"https:\/\/kabane-kompagnie.fr\/?page_id=199\">\n\t\t\t\t\t\t\t<img loading=\"lazy\" decoding=\"async\" width=\"800\" height=\"192\" src=\"https:\/\/kabane-kompagnie.fr\/wp-content\/uploads\/2024\/09\/1726248686094-1024x246.png\" class=\"elementor-animation-grow attachment-large size-large wp-image-603\" alt=\"Kallisto kabane kompagnie bon duel libertalia medieval spectacle spectacle \u00e9questre comedie escrime chant musique danse pirate 19eme chevalier princesse cheval chevaux kabane kompagnie fight compagnie professionnelle th\u00e9atre \u00e9pique chevalerie tournois\" srcset=\"https:\/\/kabane-kompagnie.fr\/wp-content\/uploads\/2024\/09\/1726248686094-1024x246.png 1024w, https:\/\/kabane-kompagnie.fr\/wp-content\/uploads\/2024\/09\/1726248686094-300x72.png 300w, https:\/\/kabane-kompagnie.fr\/wp-content\/uploads\/2024\/09\/1726248686094-768x185.png 768w, https:\/\/kabane-kompagnie.fr\/wp-content\/uploads\/2024\/09\/1726248686094-1536x370.png 1536w, https:\/\/kabane-kompagnie.fr\/wp-content\/uploads\/2024\/09\/1726248686094.png 1829w\" sizes=\"(max-width: 800px) 100vw, 800px\" \/>\t\t\t\t\t\t\t\t<\/a>\n\t\t\t\t\t\t\t\t\t\t\t\t\t<\/div>\n\t\t\t\t<\/div>\n\t\t\t\t<\/div>\n\t\t<div class=\"elementor-element elementor-element-79966c6 e-con-full e-flex e-con e-child\" data-id=\"79966c6\" data-element_type=\"container\" data-settings=\"{&quot;content_width&quot;:&quot;full&quot;}\">\n\t\t\t\t<div class=\"elementor-element elementor-element-d12aa59 e-transform e-transform elementor-widget elementor-widget-image\" data-id=\"d12aa59\" data-element_type=\"widget\" data-settings=\"{&quot;_transform_translateY_effect&quot;:{&quot;unit&quot;:&quot;px&quot;,&quot;size&quot;:34,&quot;sizes&quot;:[]},&quot;_transform_scale_effect&quot;:{&quot;unit&quot;:&quot;px&quot;,&quot;size&quot;:1.01,&quot;sizes&quot;:[]},&quot;_transform_translateX_effect&quot;:{&quot;unit&quot;:&quot;px&quot;,&quot;size&quot;:&quot;&quot;,&quot;sizes&quot;:[]},&quot;_transform_translateX_effect_tablet&quot;:{&quot;unit&quot;:&quot;px&quot;,&quot;size&quot;:&quot;&quot;,&quot;sizes&quot;:[]},&quot;_transform_translateX_effect_mobile&quot;:{&quot;unit&quot;:&quot;px&quot;,&quot;size&quot;:&quot;&quot;,&quot;sizes&quot;:[]},&quot;_transform_translateY_effect_tablet&quot;:{&quot;unit&quot;:&quot;px&quot;,&quot;size&quot;:&quot;&quot;,&quot;sizes&quot;:[]},&quot;_transform_translateY_effect_mobile&quot;:{&quot;unit&quot;:&quot;px&quot;,&quot;size&quot;:&quot;&quot;,&quot;sizes&quot;:[]},&quot;_transform_scale_effect_tablet&quot;:{&quot;unit&quot;:&quot;px&quot;,&quot;size&quot;:&quot;&quot;,&quot;sizes&quot;:[]},&quot;_transform_scale_effect_mobile&quot;:{&quot;unit&quot;:&quot;px&quot;,&quot;size&quot;:&quot;&quot;,&quot;sizes&quot;:[]}}\" data-widget_type=\"image.default\">\n\t\t\t\t<div class=\"elementor-widget-container\">\n\t\t\t\t\t\t\t\t\t\t\t\t\t\t<a href=\"https:\/\/kabane-kompagnie.fr\/?page_id=726\">\n\t\t\t\t\t\t\t<img loading=\"lazy\" decoding=\"async\" width=\"683\" height=\"1024\" src=\"https:\/\/kabane-kompagnie.fr\/wp-content\/uploads\/2025\/06\/1000020076-683x1024.jpg\" class=\"attachment-large size-large wp-image-666\" alt=\"\" srcset=\"https:\/\/kabane-kompagnie.fr\/wp-content\/uploads\/2025\/06\/1000020076-683x1024.jpg 683w, https:\/\/kabane-kompagnie.fr\/wp-content\/uploads\/2025\/06\/1000020076-200x300.jpg 200w, https:\/\/kabane-kompagnie.fr\/wp-content\/uploads\/2025\/06\/1000020076-768x1152.jpg 768w, https:\/\/kabane-kompagnie.fr\/wp-content\/uploads\/2025\/06\/1000020076-1024x1536.jpg 1024w, https:\/\/kabane-kompagnie.fr\/wp-content\/uploads\/2025\/06\/1000020076-1366x2048.jpg 1366w, https:\/\/kabane-kompagnie.fr\/wp-content\/uploads\/2025\/06\/1000020076-scaled.jpg 1707w\" sizes=\"(max-width: 683px) 100vw, 683px\" \/>\t\t\t\t\t\t\t\t<\/a>\n\t\t\t\t\t\t\t\t\t\t\t\t\t<\/div>\n\t\t\t\t<\/div>\n\t\t\t\t<div class=\"elementor-element elementor-element-383a0a4 e-transform elementor-widget elementor-widget-image\" data-id=\"383a0a4\" data-element_type=\"widget\" data-settings=\"{&quot;_transform_translateY_effect&quot;:{&quot;unit&quot;:&quot;px&quot;,&quot;size&quot;:-114,&quot;sizes&quot;:[]},&quot;_transform_translateX_effect&quot;:{&quot;unit&quot;:&quot;px&quot;,&quot;size&quot;:&quot;&quot;,&quot;sizes&quot;:[]},&quot;_transform_translateX_effect_tablet&quot;:{&quot;unit&quot;:&quot;px&quot;,&quot;size&quot;:&quot;&quot;,&quot;sizes&quot;:[]},&quot;_transform_translateX_effect_mobile&quot;:{&quot;unit&quot;:&quot;px&quot;,&quot;size&quot;:&quot;&quot;,&quot;sizes&quot;:[]},&quot;_transform_translateY_effect_tablet&quot;:{&quot;unit&quot;:&quot;px&quot;,&quot;size&quot;:&quot;&quot;,&quot;sizes&quot;:[]},&quot;_transform_translateY_effect_mobile&quot;:{&quot;unit&quot;:&quot;px&quot;,&quot;size&quot;:&quot;&quot;,&quot;sizes&quot;:[]}}\" data-widget_type=\"image.default\">\n\t\t\t\t<div class=\"elementor-widget-container\">\n\t\t\t\t\t\t\t\t\t\t\t\t\t\t<a href=\"https:\/\/kabane-kompagnie.fr\/?page_id=726\">\n\t\t\t\t\t\t\t<img loading=\"lazy\" decoding=\"async\" width=\"800\" height=\"130\" src=\"https:\/\/kabane-kompagnie.fr\/wp-content\/uploads\/2025\/06\/1000020074-1024x166.png\" class=\"elementor-animation-grow attachment-large size-large wp-image-665\" alt=\"\" srcset=\"https:\/\/kabane-kompagnie.fr\/wp-content\/uploads\/2025\/06\/1000020074-1024x166.png 1024w, https:\/\/kabane-kompagnie.fr\/wp-content\/uploads\/2025\/06\/1000020074-300x49.png 300w, https:\/\/kabane-kompagnie.fr\/wp-content\/uploads\/2025\/06\/1000020074-768x125.png 768w, https:\/\/kabane-kompagnie.fr\/wp-content\/uploads\/2025\/06\/1000020074.png 1073w\" sizes=\"(max-width: 800px) 100vw, 800px\" \/>\t\t\t\t\t\t\t\t<\/a>\n\t\t\t\t\t\t\t\t\t\t\t\t\t<\/div>\n\t\t\t\t<\/div>\n\t\t\t\t<div class=\"elementor-element elementor-element-ebe7f1a elementor-widget elementor-widget-spacer\" data-id=\"ebe7f1a\" data-element_type=\"widget\" data-widget_type=\"spacer.default\">\n\t\t\t\t<div class=\"elementor-widget-container\">\n\t\t\t\t\t<div class=\"elementor-spacer\">\n\t\t\t<div class=\"elementor-spacer-inner\"><\/div>\n\t\t<\/div>\n\t\t\t\t<\/div>\n\t\t\t\t<\/div>\n\t\t\t\t<\/div>\n\t\t\t\t\t<\/div>\n\t\t\t\t<\/div>\n\t\t\t\t<\/div>\n\t\t","protected":false},"excerpt":{"rendered":"","protected":false},"author":1,"featured_media":0,"parent":0,"menu_order":0,"comment_status":"closed","ping_status":"closed","template":"","meta":{"footnotes":""},"yoast_head":"<!-- This site is optimized with the Yoast SEO plugin v23.4 - https:\/\/yoast.com\/wordpress\/plugins\/seo\/ -->\n<title>Spectacles - Kabane Kompagnie<\/title>\n<meta name=\"description\" content=\"D\u00e9couvrez nos spectacles, de l&#039;\u00e9pop\u00e9e m\u00e9di\u00e9vale avec des chevaux, aux pirates \u00e0 bord d&#039;un bateau, \u00e0 un spectacle comique toute \u00e9poques..\" \/>\n<meta name=\"robots\" content=\"index, follow, max-snippet:-1, max-image-preview:large, max-video-preview:-1\" \/>\n<link rel=\"canonical\" href=\"https:\/\/kabane-kompagnie.fr\/?page_id=32\" \/>\n<meta property=\"og:locale\" content=\"fr_FR\" \/>\n<meta property=\"og:type\" content=\"article\" \/>\n<meta property=\"og:title\" content=\"Spectacles - Kabane Kompagnie\" \/>\n<meta property=\"og:description\" content=\"D\u00e9couvrez nos spectacles, de l&#039;\u00e9pop\u00e9e m\u00e9di\u00e9vale avec des chevaux, aux pirates \u00e0 bord d&#039;un bateau, \u00e0 un spectacle comique toute \u00e9poques..\" \/>\n<meta property=\"og:url\" content=\"https:\/\/kabane-kompagnie.fr\/?page_id=32\" \/>\n<meta property=\"og:site_name\" content=\"Kabane Kompagnie\" \/>\n<meta property=\"article:modified_time\" content=\"2025-06-19T17:01:03+00:00\" \/>\n<meta property=\"og:image\" content=\"https:\/\/kabane-kompagnie.fr\/wp-content\/uploads\/2025\/06\/1000020078-682x1024.jpg\" \/>\n<meta name=\"twitter:card\" content=\"summary_large_image\" \/>\n<meta name=\"twitter:label1\" content=\"Dur\u00e9e de lecture estim\u00e9e\" \/>\n\t<meta name=\"twitter:data1\" content=\"2 minutes\" \/>\n<script type=\"application\/ld+json\" class=\"yoast-schema-graph\">{\"@context\":\"https:\/\/schema.org\",\"@graph\":[{\"@type\":\"WebPage\",\"@id\":\"https:\/\/kabane-kompagnie.fr\/?page_id=32\",\"url\":\"https:\/\/kabane-kompagnie.fr\/?page_id=32\",\"name\":\"Spectacles - Kabane Kompagnie\",\"isPartOf\":{\"@id\":\"https:\/\/kabane-kompagnie.fr\/#website\"},\"primaryImageOfPage\":{\"@id\":\"https:\/\/kabane-kompagnie.fr\/?page_id=32#primaryimage\"},\"image\":{\"@id\":\"https:\/\/kabane-kompagnie.fr\/?page_id=32#primaryimage\"},\"thumbnailUrl\":\"https:\/\/kabane-kompagnie.fr\/wp-content\/uploads\/2025\/06\/1000020078-682x1024.jpg\",\"datePublished\":\"2024-09-12T15:54:40+00:00\",\"dateModified\":\"2025-06-19T17:01:03+00:00\",\"description\":\"D\u00e9couvrez nos spectacles, de l'\u00e9pop\u00e9e m\u00e9di\u00e9vale avec des chevaux, aux pirates \u00e0 bord d'un bateau, \u00e0 un spectacle comique toute \u00e9poques..\",\"breadcrumb\":{\"@id\":\"https:\/\/kabane-kompagnie.fr\/?page_id=32#breadcrumb\"},\"inLanguage\":\"fr-FR\",\"potentialAction\":[{\"@type\":\"ReadAction\",\"target\":[\"https:\/\/kabane-kompagnie.fr\/?page_id=32\"]}]},{\"@type\":\"ImageObject\",\"inLanguage\":\"fr-FR\",\"@id\":\"https:\/\/kabane-kompagnie.fr\/?page_id=32#primaryimage\",\"url\":\"https:\/\/kabane-kompagnie.fr\/wp-content\/uploads\/2025\/06\/1000020078.jpg\",\"contentUrl\":\"https:\/\/kabane-kompagnie.fr\/wp-content\/uploads\/2025\/06\/1000020078.jpg\",\"width\":1333,\"height\":2000},{\"@type\":\"BreadcrumbList\",\"@id\":\"https:\/\/kabane-kompagnie.fr\/?page_id=32#breadcrumb\",\"itemListElement\":[{\"@type\":\"ListItem\",\"position\":1,\"name\":\"Accueil\",\"item\":\"https:\/\/kabane-kompagnie.fr\/\"},{\"@type\":\"ListItem\",\"position\":2,\"name\":\"Spectacles\"}]},{\"@type\":\"WebSite\",\"@id\":\"https:\/\/kabane-kompagnie.fr\/#website\",\"url\":\"https:\/\/kabane-kompagnie.fr\/\",\"name\":\"Kabane Kompagnie\",\"description\":\"Spectacle Vivant \",\"potentialAction\":[{\"@type\":\"SearchAction\",\"target\":{\"@type\":\"EntryPoint\",\"urlTemplate\":\"https:\/\/kabane-kompagnie.fr\/?s={search_term_string}\"},\"query-input\":{\"@type\":\"PropertyValueSpecification\",\"valueRequired\":true,\"valueName\":\"search_term_string\"}}],\"inLanguage\":\"fr-FR\"}]}<\/script>\n<!-- \/ Yoast SEO plugin. -->","yoast_head_json":{"title":"Spectacles - Kabane Kompagnie","description":"D\u00e9couvrez nos spectacles, de l'\u00e9pop\u00e9e m\u00e9di\u00e9vale avec des chevaux, aux pirates \u00e0 bord d'un bateau, \u00e0 un spectacle comique toute \u00e9poques..","robots":{"index":"index","follow":"follow","max-snippet":"max-snippet:-1","max-image-preview":"max-image-preview:large","max-video-preview":"max-video-preview:-1"},"canonical":"https:\/\/kabane-kompagnie.fr\/?page_id=32","og_locale":"fr_FR","og_type":"article","og_title":"Spectacles - Kabane Kompagnie","og_description":"D\u00e9couvrez nos spectacles, de l'\u00e9pop\u00e9e m\u00e9di\u00e9vale avec des chevaux, aux pirates \u00e0 bord d'un bateau, \u00e0 un spectacle comique toute \u00e9poques..","og_url":"https:\/\/kabane-kompagnie.fr\/?page_id=32","og_site_name":"Kabane Kompagnie","article_modified_time":"2025-06-19T17:01:03+00:00","og_image":[{"url":"https:\/\/kabane-kompagnie.fr\/wp-content\/uploads\/2025\/06\/1000020078-682x1024.jpg"}],"twitter_card":"summary_large_image","twitter_misc":{"Dur\u00e9e de lecture estim\u00e9e":"2 minutes"},"schema":{"@context":"https:\/\/schema.org","@graph":[{"@type":"WebPage","@id":"https:\/\/kabane-kompagnie.fr\/?page_id=32","url":"https:\/\/kabane-kompagnie.fr\/?page_id=32","name":"Spectacles - Kabane Kompagnie","isPartOf":{"@id":"https:\/\/kabane-kompagnie.fr\/#website"},"primaryImageOfPage":{"@id":"https:\/\/kabane-kompagnie.fr\/?page_id=32#primaryimage"},"image":{"@id":"https:\/\/kabane-kompagnie.fr\/?page_id=32#primaryimage"},"thumbnailUrl":"https:\/\/kabane-kompagnie.fr\/wp-content\/uploads\/2025\/06\/1000020078-682x1024.jpg","datePublished":"2024-09-12T15:54:40+00:00","dateModified":"2025-06-19T17:01:03+00:00","description":"D\u00e9couvrez nos spectacles, de l'\u00e9pop\u00e9e m\u00e9di\u00e9vale avec des chevaux, aux pirates \u00e0 bord d'un bateau, \u00e0 un spectacle comique toute \u00e9poques..","breadcrumb":{"@id":"https:\/\/kabane-kompagnie.fr\/?page_id=32#breadcrumb"},"inLanguage":"fr-FR","potentialAction":[{"@type":"ReadAction","target":["https:\/\/kabane-kompagnie.fr\/?page_id=32"]}]},{"@type":"ImageObject","inLanguage":"fr-FR","@id":"https:\/\/kabane-kompagnie.fr\/?page_id=32#primaryimage","url":"https:\/\/kabane-kompagnie.fr\/wp-content\/uploads\/2025\/06\/1000020078.jpg","contentUrl":"https:\/\/kabane-kompagnie.fr\/wp-content\/uploads\/2025\/06\/1000020078.jpg","width":1333,"height":2000},{"@type":"BreadcrumbList","@id":"https:\/\/kabane-kompagnie.fr\/?page_id=32#breadcrumb","itemListElement":[{"@type":"ListItem","position":1,"name":"Accueil","item":"https:\/\/kabane-kompagnie.fr\/"},{"@type":"ListItem","position":2,"name":"Spectacles"}]},{"@type":"WebSite","@id":"https:\/\/kabane-kompagnie.fr\/#website","url":"https:\/\/kabane-kompagnie.fr\/","name":"Kabane Kompagnie","description":"Spectacle Vivant ","potentialAction":[{"@type":"SearchAction","target":{"@type":"EntryPoint","urlTemplate":"https:\/\/kabane-kompagnie.fr\/?s={search_term_string}"},"query-input":{"@type":"PropertyValueSpecification","valueRequired":true,"valueName":"search_term_string"}}],"inLanguage":"fr-FR"}]}},"_links":{"self":[{"href":"https:\/\/kabane-kompagnie.fr\/index.php?rest_route=\/wp\/v2\/pages\/32"}],"collection":[{"href":"https:\/\/kabane-kompagnie.fr\/index.php?rest_route=\/wp\/v2\/pages"}],"about":[{"href":"https:\/\/kabane-kompagnie.fr\/index.php?rest_route=\/wp\/v2\/types\/page"}],"author":[{"embeddable":true,"href":"https:\/\/kabane-kompagnie.fr\/index.php?rest_route=\/wp\/v2\/users\/1"}],"replies":[{"embeddable":true,"href":"https:\/\/kabane-kompagnie.fr\/index.php?rest_route=%2Fwp%2Fv2%2Fcomments&post=32"}],"version-history":[{"count":102,"href":"https:\/\/kabane-kompagnie.fr\/index.php?rest_route=\/wp\/v2\/pages\/32\/revisions"}],"predecessor-version":[{"id":883,"href":"https:\/\/kabane-kompagnie.fr\/index.php?rest_route=\/wp\/v2\/pages\/32\/revisions\/883"}],"wp:attachment":[{"href":"https:\/\/kabane-kompagnie.fr\/index.php?rest_route=%2Fwp%2Fv2%2Fmedia&parent=32"}],"curies":[{"name":"wp","href":"https:\/\/api.w.org\/{rel}","templated":true}]}}